{"id":17,"date":"2023-07-27T04:56:19","date_gmt":"2023-07-27T04:56:19","guid":{"rendered":"https:\/\/josemarcel.com\/?page_id=17"},"modified":"2023-09-02T21:40:27","modified_gmt":"2023-09-02T21:40:27","slug":"venta-de-propiedades","status":"publish","type":"page","link":"https:\/\/josemarcel.com\/?page_id=17","title":{"rendered":"Venta de propiedades"},"content":{"rendered":"<p>[et_pb_section fb_built=\u00bb1&#8243; _builder_version=\u00bb4.21.0&#8243; _module_preset=\u00bbdefault\u00bb custom_margin=\u00bb0px|0px|0px|0px|false|false\u00bb custom_padding=\u00bb0px|0px|0px|0px|false|false\u00bb global_colors_info=\u00bb{}\u00bb][et_pb_row _builder_version=\u00bb4.21.0&#8243; _module_preset=\u00bbdefault\u00bb background_image=\u00bbhttps:\/\/josemarcel.com\/wp-content\/uploads\/2023\/08\/atrius-lista-1-scaled.jpg\u00bb width=\u00bb100%\u00bb max_width=\u00bb100%\u00bb module_alignment=\u00bbcenter\u00bb height=\u00bb50vh\u00bb custom_margin=\u00bb0px|0px|0px|0px|false|false\u00bb custom_padding=\u00bb0px|0px|0px|0px|false|false\u00bb global_colors_info=\u00bb{}\u00bb][et_pb_column type=\u00bb4_4&#8243; _builder_version=\u00bb4.21.0&#8243; _module_preset=\u00bbdefault\u00bb global_colors_info=\u00bb{}\u00bb][et_pb_text _builder_version=\u00bb4.21.0&#8243; _module_preset=\u00bbdefault\u00bb text_font=\u00bb|800|||||||\u00bb text_text_color=\u00bb#CE6E3B\u00bb text_font_size=\u00bb50px\u00bb width=\u00bb60%\u00bb module_alignment=\u00bbcenter\u00bb min_height=\u00bb100%\u00bb custom_margin=\u00bb10%||10%||false|false\u00bb custom_padding=\u00bb0px||||false|false\u00bb global_colors_info=\u00bb{}\u00bb]<\/p>\n<p>Venta de propiedades<\/p>\n<p>[\/et_pb_text][\/et_pb_column][\/et_pb_row][\/et_pb_section][et_pb_section fb_built=\u00bb1&#8243; _builder_version=\u00bb4.21.0&#8243; _module_preset=\u00bbdefault\u00bb custom_padding=\u00bb16px||5px|||\u00bb global_colors_info=\u00bb{}\u00bb][et_pb_row _builder_version=\u00bb4.21.0&#8243; _module_preset=\u00bbdefault\u00bb global_colors_info=\u00bb{}\u00bb][et_pb_column type=\u00bb4_4&#8243; _builder_version=\u00bb4.21.0&#8243; _module_preset=\u00bbdefault\u00bb global_colors_info=\u00bb{}\u00bb][et_pb_image src=\u00bbhttps:\/\/josemarcel.com\/wp-content\/uploads\/2023\/08\/Mesa-de-trabajo-12@2x.png\u00bb title_text=\u00bbMesa de trabajo 12@2x\u00bb _builder_version=\u00bb4.21.0&#8243; _module_preset=\u00bbdefault\u00bb width=\u00bb11%\u00bb module_alignment=\u00bbcenter\u00bb global_colors_info=\u00bb{}\u00bb][\/et_pb_image][et_pb_text _builder_version=\u00bb4.21.0&#8243; _module_preset=\u00bbdefault\u00bb text_font=\u00bbLato|900|||||||\u00bb text_text_color=\u00bb#006D79&#8243; text_font_size=\u00bb24px\u00bb text_orientation=\u00bbcenter\u00bb width=\u00bb60%\u00bb module_alignment=\u00bbcenter\u00bb global_colors_info=\u00bb{}\u00bb]<\/p>\n<p>Propiedades en venta<\/p>\n<p>[\/et_pb_text][et_pb_text _builder_version=\u00bb4.21.0&#8243; _module_preset=\u00bbdefault\u00bb text_font=\u00bbLato||||||||\u00bb text_font_size=\u00bb18px\u00bb text_orientation=\u00bbcenter\u00bb global_colors_info=\u00bb{}\u00bb]<\/p>\n<p><strong>\u00a1<span>Explora oportunidades \u00fanicas: propiedades excepcionales listas para ser tu nuevo hogar o inversi\u00f3n<\/span>! <\/strong><br \/>Descubre c\u00f3mo podemos convertir tus sue\u00f1os en realidad\u00a0<br \/><em>\u00a1Te invitamos a conocer propidades disponibles maravillosas!<\/em><\/p>\n<p>[\/et_pb_text][\/et_pb_column][\/et_pb_row][\/et_pb_section][et_pb_section fb_built=\u00bb1&#8243; _builder_version=\u00bb4.21.0&#8243; _module_preset=\u00bbdefault\u00bb custom_padding=\u00bb6px|||||\u00bb global_colors_info=\u00bb{}\u00bb][et_pb_row column_structure=\u00bb1_3,1_3,1_3&#8243; _builder_version=\u00bb4.21.0&#8243; _module_preset=\u00bbdefault\u00bb custom_padding=\u00bb||73px|||\u00bb global_colors_info=\u00bb{}\u00bb][et_pb_column type=\u00bb1_3&#8243; _builder_version=\u00bb4.21.0&#8243; _module_preset=\u00bbdefault\u00bb global_colors_info=\u00bb{}\u00bb][et_pb_image src=\u00bbhttps:\/\/josemarcel.com\/wp-content\/uploads\/2023\/08\/Mesa-de-trabajo-40.png\u00bb title_text=\u00bbMesa de trabajo 40&#8243; _builder_version=\u00bb4.21.0&#8243; _module_preset=\u00bbdefault\u00bb border_radii=\u00bbon|5px|5px|5px|5px\u00bb global_colors_info=\u00bb{}\u00bb][\/et_pb_image][et_pb_text _builder_version=\u00bb4.21.0&#8243; _module_preset=\u00bbdefault\u00bb text_font=\u00bb|800|||||||\u00bb text_text_color=\u00bb#CE6E3B\u00bb text_font_size=\u00bb20px\u00bb custom_margin=\u00bb||18px|||\u00bb global_colors_info=\u00bb{}\u00bb]<\/p>\n<p>Casa Atrium<\/p>\n<p>[\/et_pb_text][et_pb_text _builder_version=\u00bb4.21.0&#8243; _module_preset=\u00bbdefault\u00bb custom_margin=\u00bb||17px|||\u00bb global_colors_info=\u00bb{}\u00bb]<\/p>\n<p><span>Propiedad bifamiliar ubicada en la parte alta de Pitalito-\u00a0 Huila. (ncluye una placa entre pisos con arranques de hierro para la construcci\u00f3n de otra vivienda en el nivel superior. Dise\u00f1o minimalista con acabados modernos, cocina integrada, habitaciones iluminadas, estructura s\u00edsmica, y licencia de construcci\u00f3n vigente.<\/span><\/p>\n<p>[\/et_pb_text][et_pb_button button_text=\u00bbAgendar visita\u00bb _builder_version=\u00bb4.21.0&#8243; _module_preset=\u00bbdefault\u00bb custom_button=\u00bbon\u00bb button_text_size=\u00bb16px\u00bb button_text_color=\u00bb#006D79&#8243; button_bg_color=\u00bbRGBA(255,255,255,0)\u00bb button_border_width=\u00bb0px\u00bb custom_margin=\u00bb-2px||11px|||\u00bb custom_padding=\u00bb|||1px||\u00bb global_colors_info=\u00bb{}\u00bb][\/et_pb_button][et_pb_button button_url=\u00bb@ET-DC@eyJkeW5hbWljIjp0cnVlLCJjb250ZW50IjoicG9zdF9saW5rX3VybF9wYWdlIiwic2V0dGluZ3MiOnsicG9zdF9pZCI6Ijk2NSJ9fQ==@\u00bb button_text=\u00bbVer propiedades\u00bb _builder_version=\u00bb4.21.0&#8243; _dynamic_attributes=\u00bbbutton_url\u00bb _module_preset=\u00bbdefault\u00bb global_colors_info=\u00bb{}\u00bb][\/et_pb_button][\/et_pb_column][et_pb_column type=\u00bb1_3&#8243; _builder_version=\u00bb4.21.0&#8243; _module_preset=\u00bbdefault\u00bb global_colors_info=\u00bb{}\u00bb][et_pb_image src=\u00bbhttps:\/\/josemarcel.com\/wp-content\/uploads\/2023\/08\/Mesa-de-trabajo-13-1.png\u00bb title_text=\u00bbMesa de trabajo 13&#8243; _builder_version=\u00bb4.21.0&#8243; _module_preset=\u00bbdefault\u00bb hover_enabled=\u00bb0&#8243; border_radii=\u00bbon|5px|5px|5px|5px\u00bb global_colors_info=\u00bb{}\u00bb sticky_enabled=\u00bb0&#8243;][\/et_pb_image][et_pb_text _builder_version=\u00bb4.21.0&#8243; _module_preset=\u00bbdefault\u00bb text_font=\u00bb|800|||||||\u00bb text_text_color=\u00bb#CE6E3B\u00bb text_font_size=\u00bb20px\u00bb custom_margin=\u00bb||18px|||\u00bb global_colors_info=\u00bb{}\u00bb]<\/p>\n<p>Toscana<\/p>\n<p>[\/et_pb_text][et_pb_text _builder_version=\u00bb4.21.0&#8243; _module_preset=\u00bbdefault\u00bb custom_margin=\u00bb||17px|||\u00bb global_colors_info=\u00bb{}\u00bb]<\/p>\n<p><span>Propiedad para estrenar, lista para para habitar. La vivienda cuenta con placa entre pisos y licencia de construcci\u00f3n vigente, permitiendo la expansi\u00f3n hacia el nivel superior. Sala-comedor, cocina integrada con estufa y campana en vidrio, habitaciones con closet y ba\u00f1os con duchas en vidrio templado. Caracter\u00edsticas de sismo resistencia, ventilaci\u00f3n natural y instalaciones independientes.<\/span><\/p>\n<p>[\/et_pb_text][et_pb_button button_text=\u00bbAgendar visita\u00bb _builder_version=\u00bb4.21.0&#8243; _module_preset=\u00bbdefault\u00bb custom_button=\u00bbon\u00bb button_text_size=\u00bb16px\u00bb button_text_color=\u00bb#006D79&#8243; button_bg_color=\u00bbRGBA(255,255,255,0)\u00bb button_border_width=\u00bb0px\u00bb custom_margin=\u00bb-2px||11px|||\u00bb custom_padding=\u00bb|||1px||\u00bb global_colors_info=\u00bb{}\u00bb][\/et_pb_button][et_pb_button button_url=\u00bb@ET-DC@eyJkeW5hbWljIjp0cnVlLCJjb250ZW50IjoicG9zdF9saW5rX3VybF9wYWdlIiwic2V0dGluZ3MiOnsicG9zdF9pZCI6Ijk5MSJ9fQ==@\u00bb button_text=\u00bbVer propiedades\u00bb _builder_version=\u00bb4.21.0&#8243; _dynamic_attributes=\u00bbbutton_url\u00bb _module_preset=\u00bbdefault\u00bb global_colors_info=\u00bb{}\u00bb][\/et_pb_button][\/et_pb_column][et_pb_column type=\u00bb1_3&#8243; _builder_version=\u00bb4.21.0&#8243; _module_preset=\u00bbdefault\u00bb global_colors_info=\u00bb{}\u00bb][et_pb_image src=\u00bbhttps:\/\/josemarcel.com\/wp-content\/uploads\/2023\/09\/Fachada-definitiva-2-scaled-e1693690807525.jpg\u00bb title_text=\u00bbFachada definitiva\u00bb _builder_version=\u00bb4.21.0&#8243; _module_preset=\u00bbdefault\u00bb hover_enabled=\u00bb0&#8243; border_radii=\u00bbon|5px|5px|5px|5px\u00bb global_colors_info=\u00bb{}\u00bb sticky_enabled=\u00bb0&#8243;][\/et_pb_image][et_pb_text _builder_version=\u00bb4.21.0&#8243; _module_preset=\u00bbdefault\u00bb text_font=\u00bb|800|||||||\u00bb text_text_color=\u00bb#CE6E3B\u00bb text_font_size=\u00bb20px\u00bb custom_margin=\u00bb||18px|||\u00bb global_colors_info=\u00bb{}\u00bb]<\/p>\n<p>Casa 3<\/p>\n<p>[\/et_pb_text][et_pb_text _builder_version=\u00bb4.21.0&#8243; _module_preset=\u00bbdefault\u00bb custom_margin=\u00bb||17px|||\u00bb global_colors_info=\u00bb{}\u00bb]<\/p>\n<p><span>Visite en realidad aumentada el proyecto, sobre planos.<\/span><\/p>\n<p>[\/et_pb_text][et_pb_button button_text=\u00bbRealidad aumentada\u00bb _builder_version=\u00bb4.21.0&#8243; _module_preset=\u00bbdefault\u00bb hover_enabled=\u00bb0&#8243; global_colors_info=\u00bb{}\u00bb button_url=\u00bb@ET-DC@eyJkeW5hbWljIjp0cnVlLCJjb250ZW50IjoicG9zdF9saW5rX3VybF9wYWdlIiwic2V0dGluZ3MiOnsicG9zdF9pZCI6IjEyNTEifX0=@\u00bb _dynamic_attributes=\u00bbbutton_url\u00bb sticky_enabled=\u00bb0&#8243;][\/et_pb_button][\/et_pb_column][\/et_pb_row][\/et_pb_section]<\/p>\n","protected":false},"excerpt":{"rendered":"<p>Venta de propiedadesPropiedades en venta\u00a1Explora oportunidades \u00fanicas: propiedades excepcionales listas para ser tu nuevo hogar o inversi\u00f3n! Descubre c\u00f3mo podemos convertir tus sue\u00f1os en realidad\u00a0\u00a1Te invitamos a conocer propidades disponibles maravillosas!Casa AtriumPropiedad bifamiliar ubicada en la parte alta de Pitalito-\u00a0 Huila. (ncluye una placa entre pisos con arranques de hierro para la construcci\u00f3n de otra [&hellip;]<\/p>\n","protected":false},"author":2,"featured_media":979,"parent":0,"menu_order":0,"comment_status":"closed","ping_status":"closed","template":"","meta":{"_et_pb_use_builder":"on","_et_pb_old_content":"<!-- wp:divi\/placeholder \/-->","_et_gb_content_width":"","_monsterinsights_skip_tracking":false,"_monsterinsights_sitenote_active":false,"_monsterinsights_sitenote_note":"","_monsterinsights_sitenote_category":0,"footnotes":""},"class_list":["post-17","page","type-page","status-publish","has-post-thumbnail","hentry"],"_links":{"self":[{"href":"https:\/\/josemarcel.com\/index.php?rest_route=\/wp\/v2\/pages\/17","targetHints":{"allow":["GET"]}}],"collection":[{"href":"https:\/\/josemarcel.com\/index.php?rest_route=\/wp\/v2\/pages"}],"about":[{"href":"https:\/\/josemarcel.com\/index.php?rest_route=\/wp\/v2\/types\/page"}],"author":[{"embeddable":true,"href":"https:\/\/josemarcel.com\/index.php?rest_route=\/wp\/v2\/users\/2"}],"replies":[{"embeddable":true,"href":"https:\/\/josemarcel.com\/index.php?rest_route=%2Fwp%2Fv2%2Fcomments&post=17"}],"version-history":[{"count":17,"href":"https:\/\/josemarcel.com\/index.php?rest_route=\/wp\/v2\/pages\/17\/revisions"}],"predecessor-version":[{"id":1259,"href":"https:\/\/josemarcel.com\/index.php?rest_route=\/wp\/v2\/pages\/17\/revisions\/1259"}],"wp:featuredmedia":[{"embeddable":true,"href":"https:\/\/josemarcel.com\/index.php?rest_route=\/wp\/v2\/media\/979"}],"wp:attachment":[{"href":"https:\/\/josemarcel.com\/index.php?rest_route=%2Fwp%2Fv2%2Fmedia&parent=17"}],"curies":[{"name":"wp","href":"https:\/\/api.w.org\/{rel}","templated":true}]}}